{"id":2,"date":"2024-09-23T16:02:06","date_gmt":"2024-09-23T16:02:06","guid":{"rendered":"https:\/\/itaraoro.rkinformatika.online\/?page_id=2"},"modified":"2024-10-02T11:00:49","modified_gmt":"2024-10-02T11:00:49","slug":"inicio","status":"publish","type":"page","link":"https:\/\/itaraoro.com\/eu\/","title":{"rendered":"Hasiera"},"content":{"rendered":"\t\t<div data-elementor-type=\"wp-page\" data-elementor-id=\"2\" class=\"elementor elementor-2\" data-elementor-post-type=\"page\">\n\t\t\t\t<div class=\"elementor-element elementor-element-85362ec e-con-full e-flex e-con e-parent\" data-id=\"85362ec\" data-element_type=\"container\" data-e-type=\"container\" data-settings=\"{&quot;background_background&quot;:&quot;slideshow&quot;,&quot;background_slideshow_gallery&quot;:[{&quot;id&quot;:110,&quot;url&quot;:&quot;https:\\\/\\\/itaraoro.com\\\/wp-content\\\/uploads\\\/2024\\\/09\\\/gold-ring-sits-rock-waterfall-scaled.jpg&quot;},{&quot;id&quot;:111,&quot;url&quot;:&quot;https:\\\/\\\/itaraoro.com\\\/wp-content\\\/uploads\\\/2024\\\/09\\\/sewing-buttonsccc.jpg&quot;},{&quot;id&quot;:112,&quot;url&quot;:&quot;https:\\\/\\\/itaraoro.com\\\/wp-content\\\/uploads\\\/2024\\\/09\\\/close-up-engraving-art-tools-1ccc.jpg&quot;},{&quot;id&quot;:113,&quot;url&quot;:&quot;https:\\\/\\\/itaraoro.com\\\/wp-content\\\/uploads\\\/2024\\\/09\\\/close-up-engraving-art-toolsccc.jpg&quot;}],&quot;background_slideshow_loop&quot;:&quot;yes&quot;,&quot;background_slideshow_slide_duration&quot;:5000,&quot;background_slideshow_slide_transition&quot;:&quot;fade&quot;,&quot;background_slideshow_transition_duration&quot;:500}\">\n\t\t\t\t<div class=\"elementor-element elementor-element-54010a2 elementor-widget elementor-widget-heading\" data-id=\"54010a2\" data-element_type=\"widget\" data-e-type=\"widget\" data-widget_type=\"heading.default\">\n\t\t\t\t<div class=\"elementor-widget-container\">\n\t\t\t\t\t<h2 class=\"elementor-heading-title elementor-size-default\">Compraventa de oro,<\/h2>\t\t\t\t<\/div>\n\t\t\t\t<\/div>\n\t\t\t\t<div class=\"elementor-element elementor-element-b04b682 elementor-widget elementor-widget-heading\" data-id=\"b04b682\" data-element_type=\"widget\" data-e-type=\"widget\" data-widget_type=\"heading.default\">\n\t\t\t\t<div class=\"elementor-widget-container\">\n\t\t\t\t\t<h2 class=\"elementor-heading-title elementor-size-default\">plata y joyas<\/h2>\t\t\t\t<\/div>\n\t\t\t\t<\/div>\n\t\t\t\t<div class=\"elementor-element elementor-element-a58230f elementor-widget elementor-widget-heading\" data-id=\"a58230f\" data-element_type=\"widget\" data-e-type=\"widget\" data-widget_type=\"heading.default\">\n\t\t\t\t<div class=\"elementor-widget-container\">\n\t\t\t\t\t<h2 class=\"elementor-heading-title elementor-size-default\">Taller reparaci\u00f3n joyer\u00eda\/relojer\u00eda<\/h2>\t\t\t\t<\/div>\n\t\t\t\t<\/div>\n\t\t\t\t<\/div>\n\t\t<div class=\"elementor-element elementor-element-050f274 e-flex e-con-boxed e-con e-parent\" data-id=\"050f274\" data-element_type=\"container\" data-e-type=\"container\">\n\t\t\t\t\t<div class=\"e-con-inner\">\n\t\t\t\t<div class=\"elementor-element elementor-element-8b8c033 elementor-widget__width-initial elementor-widget elementor-widget-image\" data-id=\"8b8c033\" data-element_type=\"widget\" data-e-type=\"widget\" data-widget_type=\"image.default\">\n\t\t\t\t<div class=\"elementor-widget-container\">\n\t\t\t\t\t\t\t\t\t\t\t\t\t\t\t<img fetchpriority=\"high\" decoding=\"async\" width=\"1448\" height=\"1080\" src=\"https:\/\/itaraoro.com\/wp-content\/uploads\/2024\/09\/Sin-titulo-1.png\" class=\"attachment-full size-full wp-image-151\" alt=\"\" srcset=\"https:\/\/itaraoro.com\/wp-content\/uploads\/2024\/09\/Sin-titulo-1.png 1448w, https:\/\/itaraoro.com\/wp-content\/uploads\/2024\/09\/Sin-titulo-1-300x224.png 300w, https:\/\/itaraoro.com\/wp-content\/uploads\/2024\/09\/Sin-titulo-1-1024x764.png 1024w, https:\/\/itaraoro.com\/wp-content\/uploads\/2024\/09\/Sin-titulo-1-768x573.png 768w, https:\/\/itaraoro.com\/wp-content\/uploads\/2024\/09\/Sin-titulo-1-16x12.png 16w\" sizes=\"(max-width: 1448px) 100vw, 1448px\" \/>\t\t\t\t\t\t\t\t\t\t\t\t\t\t\t<\/div>\n\t\t\t\t<\/div>\n\t\t\t\t\t<\/div>\n\t\t\t\t<\/div>\n\t\t<div class=\"elementor-element elementor-element-bba8a49 e-flex e-con-boxed e-con e-parent\" data-id=\"bba8a49\" data-element_type=\"container\" data-e-type=\"container\">\n\t\t\t\t\t<div class=\"e-con-inner\">\n\t\t<div class=\"elementor-element elementor-element-35a7813 e-con-full e-flex e-con e-child\" data-id=\"35a7813\" data-element_type=\"container\" data-e-type=\"container\" data-settings=\"{&quot;background_background&quot;:&quot;classic&quot;}\">\n\t\t\t\t<div class=\"elementor-element elementor-element-e2143e5 elementor-widget elementor-widget-heading\" data-id=\"e2143e5\" data-element_type=\"widget\" data-e-type=\"widget\" data-widget_type=\"heading.default\">\n\t\t\t\t<div class=\"elementor-widget-container\">\n\t\t\t\t\t<h2 class=\"elementor-heading-title elementor-size-default\">Nuestra Historia<\/h2>\t\t\t\t<\/div>\n\t\t\t\t<\/div>\n\t\t\t\t<div class=\"elementor-element elementor-element-242f23a elementor-widget elementor-widget-heading\" data-id=\"242f23a\" data-element_type=\"widget\" data-e-type=\"widget\" data-widget_type=\"heading.default\">\n\t\t\t\t<div class=\"elementor-widget-container\">\n\t\t\t\t\t<h2 class=\"elementor-heading-title elementor-size-default\">Tradici\u00f3n, Confianza y Valor<\/h2>\t\t\t\t<\/div>\n\t\t\t\t<\/div>\n\t\t\t\t<div class=\"elementor-element elementor-element-2fd20b7 elementor-widget elementor-widget-text-editor\" data-id=\"2fd20b7\" data-element_type=\"widget\" data-e-type=\"widget\" data-widget_type=\"text-editor.default\">\n\t\t\t\t<div class=\"elementor-widget-container\">\n\t\t\t\t\t\t\t\t\t<p>En Atelier Oro, llevamos m\u00e1s de 30 a\u00f1os dedic\u00e1ndonos a la compra y venta de oro, plata y joyas, siempre guiados por los valores de honestidad, transparencia y confianza. Lo que comenz\u00f3 como un peque\u00f1o negocio ha crecido con el tiempo, pero sin perder la esencia que nos diferencia: el trato cercano y personalizado.<\/p>\t\t\t\t\t\t\t\t<\/div>\n\t\t\t\t<\/div>\n\t\t\t\t<\/div>\n\t\t<div class=\"elementor-element elementor-element-4f62ff8 e-con-full e-flex e-con e-child\" data-id=\"4f62ff8\" data-element_type=\"container\" data-e-type=\"container\" data-settings=\"{&quot;background_background&quot;:&quot;classic&quot;}\">\n\t\t\t\t<div class=\"elementor-element elementor-element-4bb4be7 elementor-widget elementor-widget-heading\" data-id=\"4bb4be7\" data-element_type=\"widget\" data-e-type=\"widget\" data-widget_type=\"heading.default\">\n\t\t\t\t<div class=\"elementor-widget-container\">\n\t\t\t\t\t<h2 class=\"elementor-heading-title elementor-size-default\">Nuestra Misi\u00f3n<\/h2>\t\t\t\t<\/div>\n\t\t\t\t<\/div>\n\t\t\t\t<div class=\"elementor-element elementor-element-07a8edb elementor-widget elementor-widget-text-editor\" data-id=\"07a8edb\" data-element_type=\"widget\" data-e-type=\"widget\" data-widget_type=\"text-editor.default\">\n\t\t\t\t<div class=\"elementor-widget-container\">\n\t\t\t\t\t\t\t\t\t<p>Desde nuestros inicios, hemos tenido claro que nuestra misi\u00f3n no es solo ofrecer un justo valor por tus objetos de valor, sino tambi\u00e9n construir relaciones basadas en la confianza y el respeto. Sabemos que cada pieza que traes a nosotros tiene una historia \u00fanica, y por eso tratamos cada transacci\u00f3n con la importancia que se merece.<\/p>\t\t\t\t\t\t\t\t<\/div>\n\t\t\t\t<\/div>\n\t\t\t\t<\/div>\n\t\t<div class=\"elementor-element elementor-element-b25eb39 e-con-full e-flex e-con e-child\" data-id=\"b25eb39\" data-element_type=\"container\" data-e-type=\"container\" data-settings=\"{&quot;background_background&quot;:&quot;classic&quot;}\">\n\t\t\t\t<div class=\"elementor-element elementor-element-9f7718c elementor-widget elementor-widget-heading\" data-id=\"9f7718c\" data-element_type=\"widget\" data-e-type=\"widget\" data-widget_type=\"heading.default\">\n\t\t\t\t<div class=\"elementor-widget-container\">\n\t\t\t\t\t<h2 class=\"elementor-heading-title elementor-size-default\">Nuestra Visi\u00f3n<\/h2>\t\t\t\t<\/div>\n\t\t\t\t<\/div>\n\t\t\t\t<div class=\"elementor-element elementor-element-7f5f254 elementor-widget elementor-widget-text-editor\" data-id=\"7f5f254\" data-element_type=\"widget\" data-e-type=\"widget\" data-widget_type=\"text-editor.default\">\n\t\t\t\t<div class=\"elementor-widget-container\">\n\t\t\t\t\t\t\t\t\t<p>A lo largo de los a\u00f1os, nos hemos convertido en una referencia en el sector. No solo compramos oro, plata y joyas, sino que tambi\u00e9n ofrecemos asesoramiento experto para aquellos que desean vender con total seguridad y tranquilidad. Nos esforzamos por garantizar que cada cliente sienta que ha tomado la mejor decisi\u00f3n, ya sea vendiendo una antigua herencia familiar o buscando el regalo perfecto en nuestra selecci\u00f3n de joyas exclusivas.<\/p>\t\t\t\t\t\t\t\t<\/div>\n\t\t\t\t<\/div>\n\t\t\t\t<\/div>\n\t\t\t\t\t<\/div>\n\t\t\t\t<\/div>\n\t\t<div class=\"elementor-element elementor-element-42f1702 e-flex e-con-boxed e-con e-parent\" data-id=\"42f1702\" data-element_type=\"container\" data-e-type=\"container\">\n\t\t\t\t\t<div class=\"e-con-inner\">\n\t\t\t\t<div class=\"elementor-element elementor-element-ea54661 elementor-widget__width-initial elementor-widget elementor-widget-image\" data-id=\"ea54661\" data-element_type=\"widget\" data-e-type=\"widget\" data-widget_type=\"image.default\">\n\t\t\t\t<div class=\"elementor-widget-container\">\n\t\t\t\t\t\t\t\t\t\t\t\t\t\t\t<img fetchpriority=\"high\" decoding=\"async\" width=\"1448\" height=\"1080\" src=\"https:\/\/itaraoro.com\/wp-content\/uploads\/2024\/09\/Sin-titulo-1.png\" class=\"attachment-full size-full wp-image-151\" alt=\"\" srcset=\"https:\/\/itaraoro.com\/wp-content\/uploads\/2024\/09\/Sin-titulo-1.png 1448w, https:\/\/itaraoro.com\/wp-content\/uploads\/2024\/09\/Sin-titulo-1-300x224.png 300w, https:\/\/itaraoro.com\/wp-content\/uploads\/2024\/09\/Sin-titulo-1-1024x764.png 1024w, https:\/\/itaraoro.com\/wp-content\/uploads\/2024\/09\/Sin-titulo-1-768x573.png 768w, https:\/\/itaraoro.com\/wp-content\/uploads\/2024\/09\/Sin-titulo-1-16x12.png 16w\" sizes=\"(max-width: 1448px) 100vw, 1448px\" \/>\t\t\t\t\t\t\t\t\t\t\t\t\t\t\t<\/div>\n\t\t\t\t<\/div>\n\t\t\t\t\t<\/div>\n\t\t\t\t<\/div>\n\t\t<div class=\"elementor-element elementor-element-92be399 e-flex e-con-boxed e-con e-parent\" data-id=\"92be399\" data-element_type=\"container\" data-e-type=\"container\" data-settings=\"{&quot;background_background&quot;:&quot;classic&quot;}\">\n\t\t\t\t\t<div class=\"e-con-inner\">\n\t\t\t\t<div class=\"elementor-element elementor-element-77495b7 elementor-widget elementor-widget-heading\" data-id=\"77495b7\" data-element_type=\"widget\" data-e-type=\"widget\" data-widget_type=\"heading.default\">\n\t\t\t\t<div class=\"elementor-widget-container\">\n\t\t\t\t\t<h2 class=\"elementor-heading-title elementor-size-default\">\u00bfPor qu\u00e9 elegirnos?<\/h2>\t\t\t\t<\/div>\n\t\t\t\t<\/div>\n\t\t\t\t<div class=\"elementor-element elementor-element-f89967a elementor-icon-list--layout-traditional elementor-list-item-link-full_width elementor-widget elementor-widget-icon-list\" data-id=\"f89967a\" data-element_type=\"widget\" data-e-type=\"widget\" data-widget_type=\"icon-list.default\">\n\t\t\t\t<div class=\"elementor-widget-container\">\n\t\t\t\t\t\t\t<ul class=\"elementor-icon-list-items\">\n\t\t\t\t\t\t\t<li class=\"elementor-icon-list-item\">\n\t\t\t\t\t\t\t\t\t\t\t<span class=\"elementor-icon-list-icon\">\n\t\t\t\t\t\t\t<svg aria-hidden=\"true\" class=\"e-font-icon-svg e-fas-check\" viewBox=\"0 0 512 512\" xmlns=\"http:\/\/www.w3.org\/2000\/svg\"><path d=\"M173.898 439.404l-166.4-166.4c-9.997-9.997-9.997-26.206 0-36.204l36.203-36.204c9.997-9.998 26.207-9.998 36.204 0L192 312.69 432.095 72.596c9.997-9.997 26.207-9.997 36.204 0l36.203 36.204c9.997 9.997 9.997 26.206 0 36.204l-294.4 294.401c-9.998 9.997-26.207 9.997-36.204-.001z\"><\/path><\/svg>\t\t\t\t\t\t<\/span>\n\t\t\t\t\t\t\t\t\t\t<span class=\"elementor-icon-list-text\">Tasaci\u00f3n gratuita y honesta: Nuestros expertos joyeros te ofrecen una valoraci\u00f3n justa y actualizada, teniendo en cuenta los precios de mercado.<\/span>\n\t\t\t\t\t\t\t\t\t<\/li>\n\t\t\t\t\t\t\t\t<li class=\"elementor-icon-list-item\">\n\t\t\t\t\t\t\t\t\t\t\t<span class=\"elementor-icon-list-icon\">\n\t\t\t\t\t\t\t<svg aria-hidden=\"true\" class=\"e-font-icon-svg e-fas-check\" viewBox=\"0 0 512 512\" xmlns=\"http:\/\/www.w3.org\/2000\/svg\"><path d=\"M173.898 439.404l-166.4-166.4c-9.997-9.997-9.997-26.206 0-36.204l36.203-36.204c9.997-9.998 26.207-9.998 36.204 0L192 312.69 432.095 72.596c9.997-9.997 26.207-9.997 36.204 0l36.203 36.204c9.997 9.997 9.997 26.206 0 36.204l-294.4 294.401c-9.998 9.997-26.207 9.997-36.204-.001z\"><\/path><\/svg>\t\t\t\t\t\t<\/span>\n\t\t\t\t\t\t\t\t\t\t<span class=\"elementor-icon-list-text\">Transparencia total: Explicamos cada paso del proceso para que entiendas perfectamente el valor de tus art\u00edculos.<\/span>\n\t\t\t\t\t\t\t\t\t<\/li>\n\t\t\t\t\t\t\t\t<li class=\"elementor-icon-list-item\">\n\t\t\t\t\t\t\t\t\t\t\t<span class=\"elementor-icon-list-icon\">\n\t\t\t\t\t\t\t<svg aria-hidden=\"true\" class=\"e-font-icon-svg e-fas-check\" viewBox=\"0 0 512 512\" xmlns=\"http:\/\/www.w3.org\/2000\/svg\"><path d=\"M173.898 439.404l-166.4-166.4c-9.997-9.997-9.997-26.206 0-36.204l36.203-36.204c9.997-9.998 26.207-9.998 36.204 0L192 312.69 432.095 72.596c9.997-9.997 26.207-9.997 36.204 0l36.203 36.204c9.997 9.997 9.997 26.206 0 36.204l-294.4 294.401c-9.998 9.997-26.207 9.997-36.204-.001z\"><\/path><\/svg>\t\t\t\t\t\t<\/span>\n\t\t\t\t\t\t\t\t\t\t<span class=\"elementor-icon-list-text\">Trato cercano: Nos enorgullecemos de brindar una atenci\u00f3n c\u00e1lida y personalizada a cada cliente, porque entendemos lo importante que es para ti tu patrimonio. Comprometidos con la sostenibilidad<\/span>\n\t\t\t\t\t\t\t\t\t<\/li>\n\t\t\t\t\t\t<\/ul>\n\t\t\t\t\t\t<\/div>\n\t\t\t\t<\/div>\n\t\t\t\t<div class=\"elementor-element elementor-element-efd5889 elementor-widget elementor-widget-text-editor\" data-id=\"efd5889\" data-element_type=\"widget\" data-e-type=\"widget\" data-widget_type=\"text-editor.default\">\n\t\t\t\t<div class=\"elementor-widget-container\">\n\t\t\t\t\t\t\t\t\t<p>Adem\u00e1s, creemos firmemente en la importancia de la econom\u00eda circular. Al comprar y vender joyas, damos nueva vida a piezas que quiz\u00e1s ya no son utilizadas, contribuyendo a la sostenibilidad del planeta<\/p>\t\t\t\t\t\t\t\t<\/div>\n\t\t\t\t<\/div>\n\t\t\t\t\t<\/div>\n\t\t\t\t<\/div>\n\t\t\t\t<\/div>\n\t\t","protected":false},"excerpt":{"rendered":"<p>Compraventa de oro, plata y joyas Taller reparaci\u00f3n joyer\u00eda\/relojer\u00eda Nuestra Historia Tradici\u00f3n, Confianza y Valor En Atelier Oro, llevamos m\u00e1s de 30 a\u00f1os dedic\u00e1ndonos a la compra y venta de oro, plata y joyas, siempre guiados por los valores de honestidad, transparencia y confianza. Lo que comenz\u00f3 como un peque\u00f1o negocio ha crecido con el [&hellip;]<\/p>\n","protected":false},"author":1,"featured_media":0,"parent":0,"menu_order":0,"comment_status":"closed","ping_status":"closed","template":"","meta":{"footnotes":""},"class_list":["post-2","page","type-page","status-publish","hentry"],"yoast_head":"<!-- This site is optimized with the Yoast SEO plugin v27.3 - https:\/\/yoast.com\/product\/yoast-seo-wordpress\/ -->\n<title>Inicio - Atelier Oro<\/title>\n<meta name=\"robots\" content=\"index, follow, max-snippet:-1, max-image-preview:large, max-video-preview:-1\" \/>\n<link rel=\"canonical\" href=\"https:\/\/itaraoro.com\/eu\/\" \/>\n<meta property=\"og:locale\" content=\"en_US\" \/>\n<meta property=\"og:type\" content=\"article\" \/>\n<meta property=\"og:title\" content=\"Inicio - Atelier Oro\" \/>\n<meta property=\"og:description\" content=\"Compraventa de oro, plata y joyas Taller reparaci\u00f3n joyer\u00eda\/relojer\u00eda Nuestra Historia Tradici\u00f3n, Confianza y Valor En Atelier Oro, llevamos m\u00e1s de 30 a\u00f1os dedic\u00e1ndonos a la compra y venta de oro, plata y joyas, siempre guiados por los valores de honestidad, transparencia y confianza. Lo que comenz\u00f3 como un peque\u00f1o negocio ha crecido con el [&hellip;]\" \/>\n<meta property=\"og:url\" content=\"https:\/\/itaraoro.com\/eu\/\" \/>\n<meta property=\"og:site_name\" content=\"Atelier Oro\" \/>\n<meta property=\"article:modified_time\" content=\"2024-10-02T11:00:49+00:00\" \/>\n<meta property=\"og:image\" content=\"https:\/\/itaraoro.com\/wp-content\/uploads\/2024\/09\/Sin-titulo-1.png\" \/>\n<meta name=\"twitter:card\" content=\"summary_large_image\" \/>\n<meta name=\"twitter:label1\" content=\"Est. reading time\" \/>\n\t<meta name=\"twitter:data1\" content=\"2 minutua\" \/>\n<script type=\"application\/ld+json\" class=\"yoast-schema-graph\">{\"@context\":\"https:\\\/\\\/schema.org\",\"@graph\":[{\"@type\":\"WebPage\",\"@id\":\"https:\\\/\\\/itaraoro.com\\\/\",\"url\":\"https:\\\/\\\/itaraoro.com\\\/\",\"name\":\"Inicio - Atelier Oro\",\"isPartOf\":{\"@id\":\"https:\\\/\\\/itaraoro.com\\\/#website\"},\"primaryImageOfPage\":{\"@id\":\"https:\\\/\\\/itaraoro.com\\\/#primaryimage\"},\"image\":{\"@id\":\"https:\\\/\\\/itaraoro.com\\\/#primaryimage\"},\"thumbnailUrl\":\"https:\\\/\\\/itaraoro.com\\\/wp-content\\\/uploads\\\/2024\\\/09\\\/Sin-titulo-1.png\",\"datePublished\":\"2024-09-23T16:02:06+00:00\",\"dateModified\":\"2024-10-02T11:00:49+00:00\",\"breadcrumb\":{\"@id\":\"https:\\\/\\\/itaraoro.com\\\/#breadcrumb\"},\"inLanguage\":\"eu\",\"potentialAction\":[{\"@type\":\"ReadAction\",\"target\":[\"https:\\\/\\\/itaraoro.com\\\/\"]}]},{\"@type\":\"ImageObject\",\"inLanguage\":\"eu\",\"@id\":\"https:\\\/\\\/itaraoro.com\\\/#primaryimage\",\"url\":\"https:\\\/\\\/itaraoro.com\\\/wp-content\\\/uploads\\\/2024\\\/09\\\/Sin-titulo-1.png\",\"contentUrl\":\"https:\\\/\\\/itaraoro.com\\\/wp-content\\\/uploads\\\/2024\\\/09\\\/Sin-titulo-1.png\"},{\"@type\":\"BreadcrumbList\",\"@id\":\"https:\\\/\\\/itaraoro.com\\\/#breadcrumb\",\"itemListElement\":[{\"@type\":\"ListItem\",\"position\":1,\"name\":\"Portada\",\"item\":\"https:\\\/\\\/itaraoro.com\\\/\"},{\"@type\":\"ListItem\",\"position\":2,\"name\":\"Inicio\"}]},{\"@type\":\"WebSite\",\"@id\":\"https:\\\/\\\/itaraoro.com\\\/#website\",\"url\":\"https:\\\/\\\/itaraoro.com\\\/\",\"name\":\"Atelier Oro\",\"description\":\"Compraventa de oro, plata y joyas\",\"publisher\":{\"@id\":\"https:\\\/\\\/itaraoro.com\\\/#organization\"},\"potentialAction\":[{\"@type\":\"SearchAction\",\"target\":{\"@type\":\"EntryPoint\",\"urlTemplate\":\"https:\\\/\\\/itaraoro.com\\\/?s={search_term_string}\"},\"query-input\":{\"@type\":\"PropertyValueSpecification\",\"valueRequired\":true,\"valueName\":\"search_term_string\"}}],\"inLanguage\":\"eu\"},{\"@type\":\"Organization\",\"@id\":\"https:\\\/\\\/itaraoro.com\\\/#organization\",\"name\":\"Atelier Oro\",\"url\":\"https:\\\/\\\/itaraoro.com\\\/\",\"logo\":{\"@type\":\"ImageObject\",\"inLanguage\":\"eu\",\"@id\":\"https:\\\/\\\/itaraoro.com\\\/#\\\/schema\\\/logo\\\/image\\\/\",\"url\":\"https:\\\/\\\/itaraoro.com\\\/wp-content\\\/uploads\\\/2024\\\/09\\\/cropped-Itaraoro_Mesa-de-trabajo-1-1.png\",\"contentUrl\":\"https:\\\/\\\/itaraoro.com\\\/wp-content\\\/uploads\\\/2024\\\/09\\\/cropped-Itaraoro_Mesa-de-trabajo-1-1.png\",\"width\":1918,\"height\":853,\"caption\":\"Atelier Oro\"},\"image\":{\"@id\":\"https:\\\/\\\/itaraoro.com\\\/#\\\/schema\\\/logo\\\/image\\\/\"}}]}<\/script>\n<!-- \/ Yoast SEO plugin. -->","yoast_head_json":{"title":"Inicio - Atelier Oro","robots":{"index":"index","follow":"follow","max-snippet":"max-snippet:-1","max-image-preview":"max-image-preview:large","max-video-preview":"max-video-preview:-1"},"canonical":"https:\/\/itaraoro.com\/eu\/","og_locale":"en_US","og_type":"article","og_title":"Inicio - Atelier Oro","og_description":"Compraventa de oro, plata y joyas Taller reparaci\u00f3n joyer\u00eda\/relojer\u00eda Nuestra Historia Tradici\u00f3n, Confianza y Valor En Atelier Oro, llevamos m\u00e1s de 30 a\u00f1os dedic\u00e1ndonos a la compra y venta de oro, plata y joyas, siempre guiados por los valores de honestidad, transparencia y confianza. Lo que comenz\u00f3 como un peque\u00f1o negocio ha crecido con el [&hellip;]","og_url":"https:\/\/itaraoro.com\/eu\/","og_site_name":"Atelier Oro","article_modified_time":"2024-10-02T11:00:49+00:00","og_image":[{"url":"https:\/\/itaraoro.com\/wp-content\/uploads\/2024\/09\/Sin-titulo-1.png","type":"","width":"","height":""}],"twitter_card":"summary_large_image","twitter_misc":{"Est. reading time":"2 minutua"},"schema":{"@context":"https:\/\/schema.org","@graph":[{"@type":"WebPage","@id":"https:\/\/itaraoro.com\/","url":"https:\/\/itaraoro.com\/","name":"Inicio - Atelier Oro","isPartOf":{"@id":"https:\/\/itaraoro.com\/#website"},"primaryImageOfPage":{"@id":"https:\/\/itaraoro.com\/#primaryimage"},"image":{"@id":"https:\/\/itaraoro.com\/#primaryimage"},"thumbnailUrl":"https:\/\/itaraoro.com\/wp-content\/uploads\/2024\/09\/Sin-titulo-1.png","datePublished":"2024-09-23T16:02:06+00:00","dateModified":"2024-10-02T11:00:49+00:00","breadcrumb":{"@id":"https:\/\/itaraoro.com\/#breadcrumb"},"inLanguage":"eu","potentialAction":[{"@type":"ReadAction","target":["https:\/\/itaraoro.com\/"]}]},{"@type":"ImageObject","inLanguage":"eu","@id":"https:\/\/itaraoro.com\/#primaryimage","url":"https:\/\/itaraoro.com\/wp-content\/uploads\/2024\/09\/Sin-titulo-1.png","contentUrl":"https:\/\/itaraoro.com\/wp-content\/uploads\/2024\/09\/Sin-titulo-1.png"},{"@type":"BreadcrumbList","@id":"https:\/\/itaraoro.com\/#breadcrumb","itemListElement":[{"@type":"ListItem","position":1,"name":"Portada","item":"https:\/\/itaraoro.com\/"},{"@type":"ListItem","position":2,"name":"Inicio"}]},{"@type":"WebSite","@id":"https:\/\/itaraoro.com\/#website","url":"https:\/\/itaraoro.com\/","name":"Atelier Oro","description":"Compraventa de oro, plata y joyas","publisher":{"@id":"https:\/\/itaraoro.com\/#organization"},"potentialAction":[{"@type":"SearchAction","target":{"@type":"EntryPoint","urlTemplate":"https:\/\/itaraoro.com\/?s={search_term_string}"},"query-input":{"@type":"PropertyValueSpecification","valueRequired":true,"valueName":"search_term_string"}}],"inLanguage":"eu"},{"@type":"Organization","@id":"https:\/\/itaraoro.com\/#organization","name":"Atelier Oro","url":"https:\/\/itaraoro.com\/","logo":{"@type":"ImageObject","inLanguage":"eu","@id":"https:\/\/itaraoro.com\/#\/schema\/logo\/image\/","url":"https:\/\/itaraoro.com\/wp-content\/uploads\/2024\/09\/cropped-Itaraoro_Mesa-de-trabajo-1-1.png","contentUrl":"https:\/\/itaraoro.com\/wp-content\/uploads\/2024\/09\/cropped-Itaraoro_Mesa-de-trabajo-1-1.png","width":1918,"height":853,"caption":"Atelier Oro"},"image":{"@id":"https:\/\/itaraoro.com\/#\/schema\/logo\/image\/"}}]}},"_links":{"self":[{"href":"https:\/\/itaraoro.com\/eu\/wp-json\/wp\/v2\/pages\/2","targetHints":{"allow":["GET"]}}],"collection":[{"href":"https:\/\/itaraoro.com\/eu\/wp-json\/wp\/v2\/pages"}],"about":[{"href":"https:\/\/itaraoro.com\/eu\/wp-json\/wp\/v2\/types\/page"}],"author":[{"embeddable":true,"href":"https:\/\/itaraoro.com\/eu\/wp-json\/wp\/v2\/users\/1"}],"replies":[{"embeddable":true,"href":"https:\/\/itaraoro.com\/eu\/wp-json\/wp\/v2\/comments?post=2"}],"version-history":[{"count":65,"href":"https:\/\/itaraoro.com\/eu\/wp-json\/wp\/v2\/pages\/2\/revisions"}],"predecessor-version":[{"id":304,"href":"https:\/\/itaraoro.com\/eu\/wp-json\/wp\/v2\/pages\/2\/revisions\/304"}],"wp:attachment":[{"href":"https:\/\/itaraoro.com\/eu\/wp-json\/wp\/v2\/media?parent=2"}],"curies":[{"name":"wp","href":"https:\/\/api.w.org\/{rel}","templated":true}]}}