{"id":31,"date":"2024-09-25T14:34:37","date_gmt":"2024-09-25T14:34:37","guid":{"rendered":"https:\/\/itaraoro.rkinformatika.online\/?page_id=31"},"modified":"2024-10-02T11:04:04","modified_gmt":"2024-10-02T11:04:04","slug":"servicios","status":"publish","type":"page","link":"https:\/\/itaraoro.com\/eu\/servicios\/","title":{"rendered":"Zerbitzuak"},"content":{"rendered":"<div data-elementor-type=\"wp-page\" data-elementor-id=\"31\" class=\"elementor elementor-31\" data-elementor-post-type=\"page\">\n\t\t\t\t<div class=\"elementor-element elementor-element-ea9ebb7 e-flex e-con-boxed e-con e-parent\" data-id=\"ea9ebb7\" data-element_type=\"container\" data-e-type=\"container\" data-settings=\"{&quot;background_background&quot;:&quot;classic&quot;}\">\n\t\t\t\t\t<div class=\"e-con-inner\">\n\t\t\t\t\t<\/div>\n\t\t\t\t<\/div>\n\t\t<div class=\"elementor-element elementor-element-d8b7280 e-flex e-con-boxed e-con e-parent\" data-id=\"d8b7280\" data-element_type=\"container\" data-e-type=\"container\">\n\t\t\t\t\t<div class=\"e-con-inner\">\n\t\t\t\t<div class=\"elementor-element elementor-element-8b432ac elementor-widget__width-initial elementor-widget elementor-widget-image\" data-id=\"8b432ac\" data-element_type=\"widget\" data-e-type=\"widget\" data-widget_type=\"image.default\">\n\t\t\t\t<div class=\"elementor-widget-container\">\n\t\t\t\t\t\t\t\t\t\t\t\t\t\t\t<img fetchpriority=\"high\" decoding=\"async\" width=\"1448\" height=\"1080\" src=\"https:\/\/itaraoro.com\/wp-content\/uploads\/2024\/09\/Sin-titulo-1.png\" class=\"attachment-full size-full wp-image-151\" alt=\"\" srcset=\"https:\/\/itaraoro.com\/wp-content\/uploads\/2024\/09\/Sin-titulo-1.png 1448w, https:\/\/itaraoro.com\/wp-content\/uploads\/2024\/09\/Sin-titulo-1-300x224.png 300w, https:\/\/itaraoro.com\/wp-content\/uploads\/2024\/09\/Sin-titulo-1-1024x764.png 1024w, https:\/\/itaraoro.com\/wp-content\/uploads\/2024\/09\/Sin-titulo-1-768x573.png 768w, https:\/\/itaraoro.com\/wp-content\/uploads\/2024\/09\/Sin-titulo-1-16x12.png 16w\" sizes=\"(max-width: 1448px) 100vw, 1448px\" \/>\t\t\t\t\t\t\t\t\t\t\t\t\t\t\t<\/div>\n\t\t\t\t<\/div>\n\t\t\t\t\t<\/div>\n\t\t\t\t<\/div>\n\t\t<div class=\"elementor-element elementor-element-775db36 e-flex e-con-boxed e-con e-child\" data-id=\"775db36\" data-element_type=\"container\" data-e-type=\"container\">\n\t\t\t\t\t<div class=\"e-con-inner\">\n\t\t<div class=\"elementor-element elementor-element-1d0cb22 e-con-full e-flex e-con e-child\" data-id=\"1d0cb22\" data-element_type=\"container\" data-e-type=\"container\" data-settings=\"{&quot;background_background&quot;:&quot;classic&quot;}\">\n\t\t\t\t<div class=\"elementor-element elementor-element-6e87ec0 elementor-widget elementor-widget-spacer\" data-id=\"6e87ec0\" data-element_type=\"widget\" data-e-type=\"widget\" data-widget_type=\"spacer.default\">\n\t\t\t\t<div class=\"elementor-widget-container\">\n\t\t\t\t\t\t\t<div class=\"elementor-spacer\">\n\t\t\t<div class=\"elementor-spacer-inner\"><\/div>\n\t\t<\/div>\n\t\t\t\t\t\t<\/div>\n\t\t\t\t<\/div>\n\t\t\t\t<\/div>\n\t\t\t\t<div class=\"elementor-element elementor-element-a2e8cda elementor-widget elementor-widget-heading\" data-id=\"a2e8cda\" data-element_type=\"widget\" data-e-type=\"widget\" data-widget_type=\"heading.default\">\n\t\t\t\t<div class=\"elementor-widget-container\">\n\t\t\t\t\t<h2 class=\"elementor-heading-title elementor-size-default\">COMPRAVENTA DE ORO<\/h2>\t\t\t\t<\/div>\n\t\t\t\t<\/div>\n\t\t\t\t\t<\/div>\n\t\t\t\t<\/div>\n\t\t<div class=\"elementor-element elementor-element-ae478e4 e-flex e-con-boxed e-con e-parent\" data-id=\"ae478e4\" data-element_type=\"container\" data-e-type=\"container\">\n\t\t\t\t\t<div class=\"e-con-inner\">\n\t\t<div class=\"elementor-element elementor-element-4233071 e-con-full e-flex e-con e-child\" data-id=\"4233071\" data-element_type=\"container\" data-e-type=\"container\">\n\t\t<div class=\"elementor-element elementor-element-3867025 e-con-full e-flex e-con e-child\" data-id=\"3867025\" data-element_type=\"container\" data-e-type=\"container\" data-settings=\"{&quot;background_background&quot;:&quot;classic&quot;}\">\n\t\t\t\t<div class=\"elementor-element elementor-element-1df0ab3 elementor-widget elementor-widget-spacer\" data-id=\"1df0ab3\" data-element_type=\"widget\" data-e-type=\"widget\" data-widget_type=\"spacer.default\">\n\t\t\t\t<div class=\"elementor-widget-container\">\n\t\t\t\t\t\t\t<div class=\"elementor-spacer\">\n\t\t\t<div class=\"elementor-spacer-inner\"><\/div>\n\t\t<\/div>\n\t\t\t\t\t\t<\/div>\n\t\t\t\t<\/div>\n\t\t\t\t<\/div>\n\t\t\t\t<div class=\"elementor-element elementor-element-196953f elementor-widget elementor-widget-heading\" data-id=\"196953f\" data-element_type=\"widget\" data-e-type=\"widget\" data-widget_type=\"heading.default\">\n\t\t\t\t<div class=\"elementor-widget-container\">\n\t\t\t\t\t<h2 class=\"elementor-heading-title elementor-size-default\">Creaci\u00f3n de joyas personalizadas<\/h2>\t\t\t\t<\/div>\n\t\t\t\t<\/div>\n\t\t\t\t<div class=\"elementor-element elementor-element-fc3f418 elementor-widget elementor-widget-text-editor\" data-id=\"fc3f418\" data-element_type=\"widget\" data-e-type=\"widget\" data-widget_type=\"text-editor.default\">\n\t\t\t\t<div class=\"elementor-widget-container\">\n\t\t\t\t\t\t\t\t\t<p>Un orfebre puede dise\u00f1ar y fabricar joyas exclusivas a medida, como anillos, collares, pendientes y pulseras, de acuerdo con los gustos del cliente.<\/p>\t\t\t\t\t\t\t\t<\/div>\n\t\t\t\t<\/div>\n\t\t\t\t<\/div>\n\t\t<div class=\"elementor-element elementor-element-d714d87 e-con-full e-flex e-con e-child\" data-id=\"d714d87\" data-element_type=\"container\" data-e-type=\"container\">\n\t\t<div class=\"elementor-element elementor-element-3345552 e-con-full e-flex e-con e-child\" data-id=\"3345552\" data-element_type=\"container\" data-e-type=\"container\" data-settings=\"{&quot;background_background&quot;:&quot;classic&quot;}\">\n\t\t\t\t<div class=\"elementor-element elementor-element-402b93d elementor-widget elementor-widget-spacer\" data-id=\"402b93d\" data-element_type=\"widget\" data-e-type=\"widget\" data-widget_type=\"spacer.default\">\n\t\t\t\t<div class=\"elementor-widget-container\">\n\t\t\t\t\t\t\t<div class=\"elementor-spacer\">\n\t\t\t<div class=\"elementor-spacer-inner\"><\/div>\n\t\t<\/div>\n\t\t\t\t\t\t<\/div>\n\t\t\t\t<\/div>\n\t\t\t\t<\/div>\n\t\t\t\t<div class=\"elementor-element elementor-element-3c2c30b elementor-widget elementor-widget-heading\" data-id=\"3c2c30b\" data-element_type=\"widget\" data-e-type=\"widget\" data-widget_type=\"heading.default\">\n\t\t\t\t<div class=\"elementor-widget-container\">\n\t\t\t\t\t<h2 class=\"elementor-heading-title elementor-size-default\">Reparaci\u00f3n de joyas<\/h2>\t\t\t\t<\/div>\n\t\t\t\t<\/div>\n\t\t\t\t<div class=\"elementor-element elementor-element-2915101 elementor-widget elementor-widget-text-editor\" data-id=\"2915101\" data-element_type=\"widget\" data-e-type=\"widget\" data-widget_type=\"text-editor.default\">\n\t\t\t\t<div class=\"elementor-widget-container\">\n\t\t\t\t\t\t\t\t\t<p>Reparar joyas da\u00f1adas, ajustar tama\u00f1os de anillos o collares, reparar cierres rotos y sustituir piedras preciosas.<\/p>\t\t\t\t\t\t\t\t<\/div>\n\t\t\t\t<\/div>\n\t\t\t\t<\/div>\n\t\t<div class=\"elementor-element elementor-element-1e56711 e-con-full e-flex e-con e-child\" data-id=\"1e56711\" data-element_type=\"container\" data-e-type=\"container\">\n\t\t<div class=\"elementor-element elementor-element-0693129 e-con-full e-flex e-con e-child\" data-id=\"0693129\" data-element_type=\"container\" data-e-type=\"container\" data-settings=\"{&quot;background_background&quot;:&quot;classic&quot;}\">\n\t\t\t\t<div class=\"elementor-element elementor-element-1793c19 elementor-widget elementor-widget-spacer\" data-id=\"1793c19\" data-element_type=\"widget\" data-e-type=\"widget\" data-widget_type=\"spacer.default\">\n\t\t\t\t<div class=\"elementor-widget-container\">\n\t\t\t\t\t\t\t<div class=\"elementor-spacer\">\n\t\t\t<div class=\"elementor-spacer-inner\"><\/div>\n\t\t<\/div>\n\t\t\t\t\t\t<\/div>\n\t\t\t\t<\/div>\n\t\t\t\t<\/div>\n\t\t\t\t<div class=\"elementor-element elementor-element-724db5c elementor-widget elementor-widget-heading\" data-id=\"724db5c\" data-element_type=\"widget\" data-e-type=\"widget\" data-widget_type=\"heading.default\">\n\t\t\t\t<div class=\"elementor-widget-container\">\n\t\t\t\t\t<h2 class=\"elementor-heading-title elementor-size-default\">Grabado<\/h2>\t\t\t\t<\/div>\n\t\t\t\t<\/div>\n\t\t\t\t<div class=\"elementor-element elementor-element-7dd6ba1 elementor-widget elementor-widget-text-editor\" data-id=\"7dd6ba1\" data-element_type=\"widget\" data-e-type=\"widget\" data-widget_type=\"text-editor.default\">\n\t\t\t\t<div class=\"elementor-widget-container\">\n\t\t\t\t\t\t\t\t\t<p>Personalizar joyas u objetos de metal con grabados, como nombres, fechas especiales o s\u00edmbolos.<\/p>\t\t\t\t\t\t\t\t<\/div>\n\t\t\t\t<\/div>\n\t\t\t\t<\/div>\n\t\t\t\t\t<\/div>\n\t\t\t\t<\/div>\n\t\t<div class=\"elementor-element elementor-element-fe0d639 e-flex e-con-boxed e-con e-parent\" data-id=\"fe0d639\" data-element_type=\"container\" data-e-type=\"container\">\n\t\t\t\t\t<div class=\"e-con-inner\">\n\t\t<div class=\"elementor-element elementor-element-f7f3e57 e-con-full e-flex e-con e-child\" data-id=\"f7f3e57\" data-element_type=\"container\" data-e-type=\"container\">\n\t\t<div class=\"elementor-element elementor-element-abb61c2 e-con-full e-flex e-con e-child\" data-id=\"abb61c2\" data-element_type=\"container\" data-e-type=\"container\" data-settings=\"{&quot;background_background&quot;:&quot;classic&quot;}\">\n\t\t\t\t<div class=\"elementor-element elementor-element-401a34c elementor-widget elementor-widget-spacer\" data-id=\"401a34c\" data-element_type=\"widget\" data-e-type=\"widget\" data-widget_type=\"spacer.default\">\n\t\t\t\t<div class=\"elementor-widget-container\">\n\t\t\t\t\t\t\t<div class=\"elementor-spacer\">\n\t\t\t<div class=\"elementor-spacer-inner\"><\/div>\n\t\t<\/div>\n\t\t\t\t\t\t<\/div>\n\t\t\t\t<\/div>\n\t\t\t\t<\/div>\n\t\t\t\t<div class=\"elementor-element elementor-element-b95464d elementor-widget elementor-widget-heading\" data-id=\"b95464d\" data-element_type=\"widget\" data-e-type=\"widget\" data-widget_type=\"heading.default\">\n\t\t\t\t<div class=\"elementor-widget-container\">\n\t\t\t\t\t<h2 class=\"elementor-heading-title elementor-size-default\">Restauraci\u00f3n de piezas antiguas<\/h2>\t\t\t\t<\/div>\n\t\t\t\t<\/div>\n\t\t\t\t<div class=\"elementor-element elementor-element-99e0efa elementor-widget elementor-widget-text-editor\" data-id=\"99e0efa\" data-element_type=\"widget\" data-e-type=\"widget\" data-widget_type=\"text-editor.default\">\n\t\t\t\t<div class=\"elementor-widget-container\">\n\t\t\t\t\t\t\t\t\t<p>Restaurar y revitalizar joyas antiguas o de valor sentimental, preservando su integridad y belleza original.<\/p>\t\t\t\t\t\t\t\t<\/div>\n\t\t\t\t<\/div>\n\t\t\t\t<\/div>\n\t\t<div class=\"elementor-element elementor-element-b525932 e-con-full e-flex e-con e-child\" data-id=\"b525932\" data-element_type=\"container\" data-e-type=\"container\">\n\t\t<div class=\"elementor-element elementor-element-36e9d28 e-con-full e-flex e-con e-child\" data-id=\"36e9d28\" data-element_type=\"container\" data-e-type=\"container\" data-settings=\"{&quot;background_background&quot;:&quot;classic&quot;}\">\n\t\t\t\t<div class=\"elementor-element elementor-element-c469638 elementor-widget elementor-widget-spacer\" data-id=\"c469638\" data-element_type=\"widget\" data-e-type=\"widget\" data-widget_type=\"spacer.default\">\n\t\t\t\t<div class=\"elementor-widget-container\">\n\t\t\t\t\t\t\t<div class=\"elementor-spacer\">\n\t\t\t<div class=\"elementor-spacer-inner\"><\/div>\n\t\t<\/div>\n\t\t\t\t\t\t<\/div>\n\t\t\t\t<\/div>\n\t\t\t\t<\/div>\n\t\t\t\t<div class=\"elementor-element elementor-element-89a4f43 elementor-widget elementor-widget-heading\" data-id=\"89a4f43\" data-element_type=\"widget\" data-e-type=\"widget\" data-widget_type=\"heading.default\">\n\t\t\t\t<div class=\"elementor-widget-container\">\n\t\t\t\t\t<h2 class=\"elementor-heading-title elementor-size-default\">Pulido y limpieza<\/h2>\t\t\t\t<\/div>\n\t\t\t\t<\/div>\n\t\t\t\t<div class=\"elementor-element elementor-element-13da458 elementor-widget elementor-widget-text-editor\" data-id=\"13da458\" data-element_type=\"widget\" data-e-type=\"widget\" data-widget_type=\"text-editor.default\">\n\t\t\t\t<div class=\"elementor-widget-container\">\n\t\t\t\t\t\t\t\t\t<p>Realizar servicios de pulido para eliminar ara\u00f1azos y dar brillo a las joyas, adem\u00e1s de limpiarlas para recuperar su brillo original.<\/p>\t\t\t\t\t\t\t\t<\/div>\n\t\t\t\t<\/div>\n\t\t\t\t<\/div>\n\t\t<div class=\"elementor-element elementor-element-8b56899 e-con-full e-flex e-con e-child\" data-id=\"8b56899\" data-element_type=\"container\" data-e-type=\"container\">\n\t\t<div class=\"elementor-element elementor-element-b1b07b5 e-con-full e-flex e-con e-child\" data-id=\"b1b07b5\" data-element_type=\"container\" data-e-type=\"container\" data-settings=\"{&quot;background_background&quot;:&quot;classic&quot;}\">\n\t\t\t\t<div class=\"elementor-element elementor-element-b79e85b elementor-widget elementor-widget-spacer\" data-id=\"b79e85b\" data-element_type=\"widget\" data-e-type=\"widget\" data-widget_type=\"spacer.default\">\n\t\t\t\t<div class=\"elementor-widget-container\">\n\t\t\t\t\t\t\t<div class=\"elementor-spacer\">\n\t\t\t<div class=\"elementor-spacer-inner\"><\/div>\n\t\t<\/div>\n\t\t\t\t\t\t<\/div>\n\t\t\t\t<\/div>\n\t\t\t\t<\/div>\n\t\t\t\t<div class=\"elementor-element elementor-element-2f7d2e3 elementor-widget elementor-widget-heading\" data-id=\"2f7d2e3\" data-element_type=\"widget\" data-e-type=\"widget\" data-widget_type=\"heading.default\">\n\t\t\t\t<div class=\"elementor-widget-container\">\n\t\t\t\t\t<h2 class=\"elementor-heading-title elementor-size-default\">Incrustaci\u00f3n de piedras preciosas<\/h2>\t\t\t\t<\/div>\n\t\t\t\t<\/div>\n\t\t\t\t<div class=\"elementor-element elementor-element-7fcecac elementor-widget elementor-widget-text-editor\" data-id=\"7fcecac\" data-element_type=\"widget\" data-e-type=\"widget\" data-widget_type=\"text-editor.default\">\n\t\t\t\t<div class=\"elementor-widget-container\">\n\t\t\t\t\t\t\t\t\t<p>Insertar y ajustar piedras preciosas en las joyas, garantizando que est\u00e9n seguras y bien colocadas.<\/p>\t\t\t\t\t\t\t\t<\/div>\n\t\t\t\t<\/div>\n\t\t\t\t<\/div>\n\t\t\t\t\t<\/div>\n\t\t\t\t<\/div>\n\t\t<div class=\"elementor-element elementor-element-2494058 e-flex e-con-boxed e-con e-parent\" data-id=\"2494058\" data-element_type=\"container\" data-e-type=\"container\">\n\t\t\t\t\t<div class=\"e-con-inner\">\n\t\t\t\t<div class=\"elementor-element elementor-element-026ede5 elementor-widget__width-initial elementor-widget elementor-widget-image\" data-id=\"026ede5\" data-element_type=\"widget\" data-e-type=\"widget\" data-widget_type=\"image.default\">\n\t\t\t\t<div class=\"elementor-widget-container\">\n\t\t\t\t\t\t\t\t\t\t\t\t\t\t\t<img fetchpriority=\"high\" decoding=\"async\" width=\"1448\" height=\"1080\" src=\"https:\/\/itaraoro.com\/wp-content\/uploads\/2024\/09\/Sin-titulo-1.png\" class=\"attachment-full size-full wp-image-151\" alt=\"\" srcset=\"https:\/\/itaraoro.com\/wp-content\/uploads\/2024\/09\/Sin-titulo-1.png 1448w, https:\/\/itaraoro.com\/wp-content\/uploads\/2024\/09\/Sin-titulo-1-300x224.png 300w, https:\/\/itaraoro.com\/wp-content\/uploads\/2024\/09\/Sin-titulo-1-1024x764.png 1024w, https:\/\/itaraoro.com\/wp-content\/uploads\/2024\/09\/Sin-titulo-1-768x573.png 768w, https:\/\/itaraoro.com\/wp-content\/uploads\/2024\/09\/Sin-titulo-1-16x12.png 16w\" sizes=\"(max-width: 1448px) 100vw, 1448px\" \/>\t\t\t\t\t\t\t\t\t\t\t\t\t\t\t<\/div>\n\t\t\t\t<\/div>\n\t\t\t\t\t<\/div>\n\t\t\t\t<\/div>\n\t\t\t\t<\/div>","protected":false},"excerpt":{"rendered":"<p>COMPRAVENTA DE ORO Creaci\u00f3n de joyas personalizadas Un orfebre puede dise\u00f1ar y fabricar joyas exclusivas a medida, como anillos, collares, pendientes y pulseras, de acuerdo con los gustos del cliente. Reparaci\u00f3n de joyas Reparar joyas da\u00f1adas, ajustar tama\u00f1os de anillos o collares, reparar cierres rotos y sustituir piedras preciosas. Grabado Personalizar joyas u objetos de [&hellip;]<\/p>\n","protected":false},"author":1,"featured_media":0,"parent":0,"menu_order":0,"comment_status":"closed","ping_status":"closed","template":"","meta":{"footnotes":""},"class_list":["post-31","page","type-page","status-publish","hentry"],"yoast_head":"<!-- This site is optimized with the Yoast SEO plugin v27.3 - https:\/\/yoast.com\/product\/yoast-seo-wordpress\/ -->\n<title>Servicios - Atelier Oro<\/title>\n<meta name=\"robots\" content=\"index, follow, max-snippet:-1, max-image-preview:large, max-video-preview:-1\" \/>\n<link rel=\"canonical\" href=\"https:\/\/itaraoro.com\/eu\/servicios\/\" \/>\n<meta property=\"og:locale\" content=\"en_US\" \/>\n<meta property=\"og:type\" content=\"article\" \/>\n<meta property=\"og:title\" content=\"Servicios - Atelier Oro\" \/>\n<meta property=\"og:description\" content=\"COMPRAVENTA DE ORO Creaci\u00f3n de joyas personalizadas Un orfebre puede dise\u00f1ar y fabricar joyas exclusivas a medida, como anillos, collares, pendientes y pulseras, de acuerdo con los gustos del cliente. Reparaci\u00f3n de joyas Reparar joyas da\u00f1adas, ajustar tama\u00f1os de anillos o collares, reparar cierres rotos y sustituir piedras preciosas. Grabado Personalizar joyas u objetos de [&hellip;]\" \/>\n<meta property=\"og:url\" content=\"https:\/\/itaraoro.com\/eu\/servicios\/\" \/>\n<meta property=\"og:site_name\" content=\"Atelier Oro\" \/>\n<meta property=\"article:modified_time\" content=\"2024-10-02T11:04:04+00:00\" \/>\n<meta property=\"og:image\" content=\"https:\/\/itaraoro.com\/wp-content\/uploads\/2024\/09\/Sin-titulo-1.png\" \/>\n<meta name=\"twitter:card\" content=\"summary_large_image\" \/>\n<meta name=\"twitter:label1\" content=\"Est. reading time\" \/>\n\t<meta name=\"twitter:data1\" content=\"1 minutua\" \/>\n<script type=\"application\/ld+json\" class=\"yoast-schema-graph\">{\"@context\":\"https:\\\/\\\/schema.org\",\"@graph\":[{\"@type\":\"WebPage\",\"@id\":\"https:\\\/\\\/itaraoro.com\\\/servicios\\\/\",\"url\":\"https:\\\/\\\/itaraoro.com\\\/servicios\\\/\",\"name\":\"Servicios - Atelier Oro\",\"isPartOf\":{\"@id\":\"https:\\\/\\\/itaraoro.com\\\/#website\"},\"primaryImageOfPage\":{\"@id\":\"https:\\\/\\\/itaraoro.com\\\/servicios\\\/#primaryimage\"},\"image\":{\"@id\":\"https:\\\/\\\/itaraoro.com\\\/servicios\\\/#primaryimage\"},\"thumbnailUrl\":\"https:\\\/\\\/itaraoro.com\\\/wp-content\\\/uploads\\\/2024\\\/09\\\/Sin-titulo-1.png\",\"datePublished\":\"2024-09-25T14:34:37+00:00\",\"dateModified\":\"2024-10-02T11:04:04+00:00\",\"breadcrumb\":{\"@id\":\"https:\\\/\\\/itaraoro.com\\\/servicios\\\/#breadcrumb\"},\"inLanguage\":\"eu\",\"potentialAction\":[{\"@type\":\"ReadAction\",\"target\":[\"https:\\\/\\\/itaraoro.com\\\/servicios\\\/\"]}]},{\"@type\":\"ImageObject\",\"inLanguage\":\"eu\",\"@id\":\"https:\\\/\\\/itaraoro.com\\\/servicios\\\/#primaryimage\",\"url\":\"https:\\\/\\\/itaraoro.com\\\/wp-content\\\/uploads\\\/2024\\\/09\\\/Sin-titulo-1.png\",\"contentUrl\":\"https:\\\/\\\/itaraoro.com\\\/wp-content\\\/uploads\\\/2024\\\/09\\\/Sin-titulo-1.png\"},{\"@type\":\"BreadcrumbList\",\"@id\":\"https:\\\/\\\/itaraoro.com\\\/servicios\\\/#breadcrumb\",\"itemListElement\":[{\"@type\":\"ListItem\",\"position\":1,\"name\":\"Portada\",\"item\":\"https:\\\/\\\/itaraoro.com\\\/\"},{\"@type\":\"ListItem\",\"position\":2,\"name\":\"Servicios\"}]},{\"@type\":\"WebSite\",\"@id\":\"https:\\\/\\\/itaraoro.com\\\/#website\",\"url\":\"https:\\\/\\\/itaraoro.com\\\/\",\"name\":\"Atelier Oro\",\"description\":\"Compraventa de oro, plata y joyas\",\"publisher\":{\"@id\":\"https:\\\/\\\/itaraoro.com\\\/#organization\"},\"potentialAction\":[{\"@type\":\"SearchAction\",\"target\":{\"@type\":\"EntryPoint\",\"urlTemplate\":\"https:\\\/\\\/itaraoro.com\\\/?s={search_term_string}\"},\"query-input\":{\"@type\":\"PropertyValueSpecification\",\"valueRequired\":true,\"valueName\":\"search_term_string\"}}],\"inLanguage\":\"eu\"},{\"@type\":\"Organization\",\"@id\":\"https:\\\/\\\/itaraoro.com\\\/#organization\",\"name\":\"Atelier Oro\",\"url\":\"https:\\\/\\\/itaraoro.com\\\/\",\"logo\":{\"@type\":\"ImageObject\",\"inLanguage\":\"eu\",\"@id\":\"https:\\\/\\\/itaraoro.com\\\/#\\\/schema\\\/logo\\\/image\\\/\",\"url\":\"https:\\\/\\\/itaraoro.com\\\/wp-content\\\/uploads\\\/2024\\\/09\\\/cropped-Itaraoro_Mesa-de-trabajo-1-1.png\",\"contentUrl\":\"https:\\\/\\\/itaraoro.com\\\/wp-content\\\/uploads\\\/2024\\\/09\\\/cropped-Itaraoro_Mesa-de-trabajo-1-1.png\",\"width\":1918,\"height\":853,\"caption\":\"Atelier Oro\"},\"image\":{\"@id\":\"https:\\\/\\\/itaraoro.com\\\/#\\\/schema\\\/logo\\\/image\\\/\"}}]}<\/script>\n<!-- \/ Yoast SEO plugin. -->","yoast_head_json":{"title":"Servicios - Atelier Oro","robots":{"index":"index","follow":"follow","max-snippet":"max-snippet:-1","max-image-preview":"max-image-preview:large","max-video-preview":"max-video-preview:-1"},"canonical":"https:\/\/itaraoro.com\/eu\/servicios\/","og_locale":"en_US","og_type":"article","og_title":"Servicios - Atelier Oro","og_description":"COMPRAVENTA DE ORO Creaci\u00f3n de joyas personalizadas Un orfebre puede dise\u00f1ar y fabricar joyas exclusivas a medida, como anillos, collares, pendientes y pulseras, de acuerdo con los gustos del cliente. Reparaci\u00f3n de joyas Reparar joyas da\u00f1adas, ajustar tama\u00f1os de anillos o collares, reparar cierres rotos y sustituir piedras preciosas. Grabado Personalizar joyas u objetos de [&hellip;]","og_url":"https:\/\/itaraoro.com\/eu\/servicios\/","og_site_name":"Atelier Oro","article_modified_time":"2024-10-02T11:04:04+00:00","og_image":[{"url":"https:\/\/itaraoro.com\/wp-content\/uploads\/2024\/09\/Sin-titulo-1.png","type":"","width":"","height":""}],"twitter_card":"summary_large_image","twitter_misc":{"Est. reading time":"1 minutua"},"schema":{"@context":"https:\/\/schema.org","@graph":[{"@type":"WebPage","@id":"https:\/\/itaraoro.com\/servicios\/","url":"https:\/\/itaraoro.com\/servicios\/","name":"Servicios - Atelier Oro","isPartOf":{"@id":"https:\/\/itaraoro.com\/#website"},"primaryImageOfPage":{"@id":"https:\/\/itaraoro.com\/servicios\/#primaryimage"},"image":{"@id":"https:\/\/itaraoro.com\/servicios\/#primaryimage"},"thumbnailUrl":"https:\/\/itaraoro.com\/wp-content\/uploads\/2024\/09\/Sin-titulo-1.png","datePublished":"2024-09-25T14:34:37+00:00","dateModified":"2024-10-02T11:04:04+00:00","breadcrumb":{"@id":"https:\/\/itaraoro.com\/servicios\/#breadcrumb"},"inLanguage":"eu","potentialAction":[{"@type":"ReadAction","target":["https:\/\/itaraoro.com\/servicios\/"]}]},{"@type":"ImageObject","inLanguage":"eu","@id":"https:\/\/itaraoro.com\/servicios\/#primaryimage","url":"https:\/\/itaraoro.com\/wp-content\/uploads\/2024\/09\/Sin-titulo-1.png","contentUrl":"https:\/\/itaraoro.com\/wp-content\/uploads\/2024\/09\/Sin-titulo-1.png"},{"@type":"BreadcrumbList","@id":"https:\/\/itaraoro.com\/servicios\/#breadcrumb","itemListElement":[{"@type":"ListItem","position":1,"name":"Portada","item":"https:\/\/itaraoro.com\/"},{"@type":"ListItem","position":2,"name":"Servicios"}]},{"@type":"WebSite","@id":"https:\/\/itaraoro.com\/#website","url":"https:\/\/itaraoro.com\/","name":"Atelier Oro","description":"Compraventa de oro, plata y joyas","publisher":{"@id":"https:\/\/itaraoro.com\/#organization"},"potentialAction":[{"@type":"SearchAction","target":{"@type":"EntryPoint","urlTemplate":"https:\/\/itaraoro.com\/?s={search_term_string}"},"query-input":{"@type":"PropertyValueSpecification","valueRequired":true,"valueName":"search_term_string"}}],"inLanguage":"eu"},{"@type":"Organization","@id":"https:\/\/itaraoro.com\/#organization","name":"Atelier Oro","url":"https:\/\/itaraoro.com\/","logo":{"@type":"ImageObject","inLanguage":"eu","@id":"https:\/\/itaraoro.com\/#\/schema\/logo\/image\/","url":"https:\/\/itaraoro.com\/wp-content\/uploads\/2024\/09\/cropped-Itaraoro_Mesa-de-trabajo-1-1.png","contentUrl":"https:\/\/itaraoro.com\/wp-content\/uploads\/2024\/09\/cropped-Itaraoro_Mesa-de-trabajo-1-1.png","width":1918,"height":853,"caption":"Atelier Oro"},"image":{"@id":"https:\/\/itaraoro.com\/#\/schema\/logo\/image\/"}}]}},"_links":{"self":[{"href":"https:\/\/itaraoro.com\/eu\/wp-json\/wp\/v2\/pages\/31","targetHints":{"allow":["GET"]}}],"collection":[{"href":"https:\/\/itaraoro.com\/eu\/wp-json\/wp\/v2\/pages"}],"about":[{"href":"https:\/\/itaraoro.com\/eu\/wp-json\/wp\/v2\/types\/page"}],"author":[{"embeddable":true,"href":"https:\/\/itaraoro.com\/eu\/wp-json\/wp\/v2\/users\/1"}],"replies":[{"embeddable":true,"href":"https:\/\/itaraoro.com\/eu\/wp-json\/wp\/v2\/comments?post=31"}],"version-history":[{"count":34,"href":"https:\/\/itaraoro.com\/eu\/wp-json\/wp\/v2\/pages\/31\/revisions"}],"predecessor-version":[{"id":294,"href":"https:\/\/itaraoro.com\/eu\/wp-json\/wp\/v2\/pages\/31\/revisions\/294"}],"wp:attachment":[{"href":"https:\/\/itaraoro.com\/eu\/wp-json\/wp\/v2\/media?parent=31"}],"curies":[{"name":"wp","href":"https:\/\/api.w.org\/{rel}","templated":true}]}}